{"id":20,"date":"2012-05-22T14:00:53","date_gmt":"2012-05-22T14:00:53","guid":{"rendered":"http:\/\/preziosissimo.net\/?page_id=20"},"modified":"2020-04-20T07:15:09","modified_gmt":"2020-04-20T07:15:09","slug":"rover-e-scolte","status":"publish","type":"page","link":"https:\/\/preziosissimo.net\/?page_id=20","title":{"rendered":"Rover e Scolte"},"content":{"rendered":"<p><img decoding=\"async\" class=\"alignleft\" src=\"https:\/\/i2.wp.com\/zone.agesci.it\/zonabologna\/wp-content\/uploads\/sites\/20\/2015\/02\/rs_grande.gif?resize=135%2C189\" alt=\"rs_grande\" \/>La Branca Rover e Scolte, nei due momenti del <strong>Noviziato<\/strong> e del <strong>Clan<\/strong>, riunisce ragazzi tra i 16 e i 21 anni.<\/p>\n<p>I suoi elementi fondamentali sono la <strong>Strada<\/strong>, la <strong>Comunit\u00e0<\/strong> e il <strong>Servizio<\/strong>.<\/p>\n<p>Particolare importanza \u00e8 riservata al cammino di Fede di tutti gli aderenti, grazie anche alla presenza dell&#8217;Assistente Ecclesiastico, che fa parte a tutti gli effetti sia della staff di Noviziato che in quella di Clan.<\/p>\n<p>Il <strong>Noviziato<\/strong>, composto dai soli 16\/17enni (et\u00e0 della terza superiore), \u00e8 il luogo dove provare e sperimentare la vita della branca, con un attenzione particolare alle attivit\u00e0 pratiche e all&#8217;aria aperta. Il <strong>Clan<\/strong> \u00e8 il momento piu&#8217; lungo e importante, dove si chiede di mettersi continuamente in gioco, confrontandosi con lo Staff e il resto della Comunit\u00e0.<br \/>\nIl percorso nella branca termina tra i 20 e i 21 anni, quando la Comunit\u00e0 e lo Staff chiedono al ragazzo di scegliere se aderire, se rendere propri i valori dello Scoutismo. Se decide di farlo chiede la Partenza, cerimonia culmine e vero momento conclusivo della proposta scout. Chi,invece, sceglie diversamente saluta la <strong>Comunit\u00e0<\/strong>, che da alla cerimonia la stessa dignit\u00e0 e lo stesso calore riservato a chi chiede la <strong>Partenza<\/strong>. Il clan definisce la propria direzione e i propri obiettivi nella <strong>Carta di Clan<\/strong>, rinnovandola di frequente.<\/p>\n<p><strong>Staff R\/S<\/strong><\/p>\n","protected":false},"excerpt":{"rendered":"<p>La Branca Rover e Scolte, nei due momenti del Noviziato e del Clan, riunisce ragazzi tra i 16 e i 21 anni. I suoi elementi fondamentali sono la Strada, la Comunit\u00e0 e il Servizio. Particolare importanza \u00e8 riservata al cammino di Fede di tutti gli aderenti, grazie anche alla presenza dell&#8217;Assistente Ecclesiastico, che fa parte &hellip; <\/p>\n<p class=\"link-more\"><a href=\"https:\/\/preziosissimo.net\/?page_id=20\" class=\"more-link\">Leggi tutto<span class=\"screen-reader-text\"> &#8220;Rover e Scolte&#8221;<\/span><\/a><\/p>\n","protected":false},"author":1,"featured_media":0,"parent":2,"menu_order":3,"comment_status":"closed","ping_status":"closed","template":"","meta":{"footnotes":""},"class_list":["post-20","page","type-page","status-publish","hentry"],"_links":{"self":[{"href":"https:\/\/preziosissimo.net\/index.php?rest_route=\/wp\/v2\/pages\/20","targetHints":{"allow":["GET"]}}],"collection":[{"href":"https:\/\/preziosissimo.net\/index.php?rest_route=\/wp\/v2\/pages"}],"about":[{"href":"https:\/\/preziosissimo.net\/index.php?rest_route=\/wp\/v2\/types\/page"}],"author":[{"embeddable":true,"href":"https:\/\/preziosissimo.net\/index.php?rest_route=\/wp\/v2\/users\/1"}],"replies":[{"embeddable":true,"href":"https:\/\/preziosissimo.net\/index.php?rest_route=%2Fwp%2Fv2%2Fcomments&post=20"}],"version-history":[{"count":4,"href":"https:\/\/preziosissimo.net\/index.php?rest_route=\/wp\/v2\/pages\/20\/revisions"}],"predecessor-version":[{"id":313,"href":"https:\/\/preziosissimo.net\/index.php?rest_route=\/wp\/v2\/pages\/20\/revisions\/313"}],"up":[{"embeddable":true,"href":"https:\/\/preziosissimo.net\/index.php?rest_route=\/wp\/v2\/pages\/2"}],"wp:attachment":[{"href":"https:\/\/preziosissimo.net\/index.php?rest_route=%2Fwp%2Fv2%2Fmedia&parent=20"}],"curies":[{"name":"wp","href":"https:\/\/api.w.org\/{rel}","templated":true}]}}